{"id":660,"date":"2015-06-02T04:32:48","date_gmt":"2015-06-02T04:32:48","guid":{"rendered":"http:\/\/www.colegiopiagetpr.com\/nuevositio\/?page_id=660"},"modified":"2020-08-11T02:07:46","modified_gmt":"2020-08-11T02:07:46","slug":"fotogaleria","status":"publish","type":"page","link":"https:\/\/www.colegiopiagetpr.com\/?page_id=660","title":{"rendered":"Fotogaler\u00eda"},"content":{"rendered":"<p><strong>\u00cdndice de fotogaler\u00edas: oprima sobre la imagen para ver.<\/strong><\/p>\n<p><strong><br \/>\n<\/strong><strong>.<\/strong><a href=\"http:\/\/www.colegiopiagetpr.com\/?page_id=944\"><img loading=\"lazy\" decoding=\"async\" class=\"alignnone wp-image-976 size-full\" src=\"https:\/\/www.colegiopiagetpr.com\/wp-content\/uploads\/2015\/06\/btn-caras.jpg\" alt=\"btn-caras\" width=\"240\" height=\"163\" sizes=\"auto, (max-width: 240px) 100vw, 240px\" \/><\/a><a href=\"https:\/\/www.colegiopiagetpr.com\/?page_id=946\"><img loading=\"lazy\" decoding=\"async\" class=\"alignnone size-full wp-image-977\" src=\"https:\/\/www.colegiopiagetpr.com\/wp-content\/uploads\/2015\/06\/btn-alegres.jpg\" alt=\"\" width=\"240\" height=\"163\" \/><\/a><a href=\"https:\/\/www.colegiopiagetpr.com\/?page_id=948\"><img loading=\"lazy\" decoding=\"async\" class=\"alignnone size-full wp-image-978\" src=\"https:\/\/www.colegiopiagetpr.com\/wp-content\/uploads\/2015\/06\/btn-felices.jpg\" alt=\"\" width=\"240\" height=\"163\" \/><\/a><a href=\"https:\/\/www.colegiopiagetpr.com\/?page_id=950\"><img loading=\"lazy\" decoding=\"async\" class=\"alignnone size-full wp-image-979\" src=\"https:\/\/www.colegiopiagetpr.com\/wp-content\/uploads\/2015\/06\/btn-radiantes.jpg\" alt=\"\" width=\"240\" height=\"163\" \/><\/a><\/p>\n","protected":false},"excerpt":{"rendered":"<p>\u00cdndice de fotogaler\u00edas: oprima sobre la imagen para ver. .<\/p>\n","protected":false},"author":1,"featured_media":0,"parent":0,"menu_order":0,"comment_status":"closed","ping_status":"open","template":"","meta":{"footnotes":""},"class_list":["post-660","page","type-page","status-publish","hentry"],"yoast_head":"<!-- This site is optimized with the Yoast SEO plugin v14.1 - https:\/\/yoast.com\/wordpress\/plugins\/seo\/ -->\n<meta name=\"robots\" content=\"index, follow\" \/>\n<meta name=\"googlebot\" content=\"index, follow, max-snippet:-1, max-image-preview:large, max-video-preview:-1\" \/>\n<meta name=\"bingbot\" content=\"index, follow, max-snippet:-1, max-image-preview:large, max-video-preview:-1\" \/>\n<link rel=\"canonical\" href=\"https:\/\/www.colegiopiagetpr.com\/?page_id=660\" \/>\n<meta property=\"og:locale\" content=\"es_ES\" \/>\n<meta property=\"og:type\" content=\"article\" \/>\n<meta property=\"og:title\" content=\"Fotogaler\u00eda - Colegio Piaget\" \/>\n<meta property=\"og:description\" content=\"\u00cdndice de fotogaler\u00edas: oprima sobre la imagen para ver. .\" \/>\n<meta property=\"og:url\" content=\"https:\/\/www.colegiopiagetpr.com\/?page_id=660\" \/>\n<meta property=\"og:site_name\" content=\"Colegio Piaget\" \/>\n<meta property=\"article:publisher\" content=\"https:\/\/www.facebook.com\/colegiopiagetpr\" \/>\n<meta property=\"article:modified_time\" content=\"2020-08-11T02:07:46+00:00\" \/>\n<meta property=\"og:image\" content=\"https:\/\/www.colegiopiagetpr.com\/wp-content\/uploads\/2015\/06\/btn-caras.jpg\" \/>\n<meta name=\"twitter:card\" content=\"summary_large_image\" \/>\n<script type=\"application\/ld+json\" class=\"yoast-schema-graph\">{\"@context\":\"https:\/\/schema.org\",\"@graph\":[{\"@type\":\"WebSite\",\"@id\":\"https:\/\/www.colegiopiagetpr.com\/#website\",\"url\":\"https:\/\/www.colegiopiagetpr.com\/\",\"name\":\"Colegio Piaget\",\"description\":\"Colegio Piaget\",\"potentialAction\":[{\"@type\":\"SearchAction\",\"target\":\"https:\/\/www.colegiopiagetpr.com\/?s={search_term_string}\",\"query-input\":\"required name=search_term_string\"}],\"inLanguage\":\"es\"},{\"@type\":\"ImageObject\",\"@id\":\"https:\/\/www.colegiopiagetpr.com\/?page_id=660#primaryimage\",\"inLanguage\":\"es\",\"url\":\"https:\/\/www.colegiopiagetpr.com\/wp-content\/uploads\/2015\/06\/btn-caras.jpg\",\"width\":240,\"height\":163},{\"@type\":\"WebPage\",\"@id\":\"https:\/\/www.colegiopiagetpr.com\/?page_id=660#webpage\",\"url\":\"https:\/\/www.colegiopiagetpr.com\/?page_id=660\",\"name\":\"Fotogaler\\u00eda - Colegio Piaget\",\"isPartOf\":{\"@id\":\"https:\/\/www.colegiopiagetpr.com\/#website\"},\"primaryImageOfPage\":{\"@id\":\"https:\/\/www.colegiopiagetpr.com\/?page_id=660#primaryimage\"},\"datePublished\":\"2015-06-02T04:32:48+00:00\",\"dateModified\":\"2020-08-11T02:07:46+00:00\",\"inLanguage\":\"es\",\"potentialAction\":[{\"@type\":\"ReadAction\",\"target\":[\"https:\/\/www.colegiopiagetpr.com\/?page_id=660\"]}]}]}<\/script>\n<!-- \/ Yoast SEO plugin. -->","_links":{"self":[{"href":"https:\/\/www.colegiopiagetpr.com\/index.php?rest_route=\/wp\/v2\/pages\/660","targetHints":{"allow":["GET"]}}],"collection":[{"href":"https:\/\/www.colegiopiagetpr.com\/index.php?rest_route=\/wp\/v2\/pages"}],"about":[{"href":"https:\/\/www.colegiopiagetpr.com\/index.php?rest_route=\/wp\/v2\/types\/page"}],"author":[{"embeddable":true,"href":"https:\/\/www.colegiopiagetpr.com\/index.php?rest_route=\/wp\/v2\/users\/1"}],"replies":[{"embeddable":true,"href":"https:\/\/www.colegiopiagetpr.com\/index.php?rest_route=%2Fwp%2Fv2%2Fcomments&post=660"}],"version-history":[{"count":12,"href":"https:\/\/www.colegiopiagetpr.com\/index.php?rest_route=\/wp\/v2\/pages\/660\/revisions"}],"predecessor-version":[{"id":1132,"href":"https:\/\/www.colegiopiagetpr.com\/index.php?rest_route=\/wp\/v2\/pages\/660\/revisions\/1132"}],"wp:attachment":[{"href":"https:\/\/www.colegiopiagetpr.com\/index.php?rest_route=%2Fwp%2Fv2%2Fmedia&parent=660"}],"curies":[{"name":"wp","href":"https:\/\/api.w.org\/{rel}","templated":true}]}}