{"id":425,"date":"2015-05-20T02:39:02","date_gmt":"2015-05-20T02:39:02","guid":{"rendered":"http:\/\/www.colegiopiagetpr.com\/nuevositio\/?page_id=425"},"modified":"2021-08-08T01:22:47","modified_gmt":"2021-08-08T01:22:47","slug":"english-summer-camp","status":"publish","type":"page","link":"https:\/\/www.colegiopiagetpr.com\/?page_id=425","title":{"rendered":"English Summer Workshop"},"content":{"rendered":"<h3><a href=\"https:\/\/www.colegiopiagetpr.com\/wp-content\/uploads\/2021\/08\/english-summer-camp4.png\"><img loading=\"lazy\" decoding=\"async\" class=\"alignnone size-full wp-image-899\" src=\"https:\/\/www.colegiopiagetpr.com\/wp-content\/uploads\/2021\/08\/english-summer-camp4.png\" alt=\"\" width=\"1024\" height=\"387\" \/><\/a><\/h3>\n<h3>\u00a1Qu\u00e9 alegr\u00eda poder decirle a mami y a papi en<strong> ingl\u00e9s<\/strong> lo mucho que te est\u00e1s divirtiendo!<\/h3>\n<p>El Taller de Ingl\u00e9s del Colegio Piaget de Isla Verde es una excelente alternativa en el verano cuando se buscan nuevas<strong> formas<\/strong> <strong>creativas<\/strong> <strong>para mejorar<\/strong> las destrezas de este idioma de una forma <strong>entretenida.<\/strong> Br\u00edndeles la oportunidad a sus hijos de experimentar la sensaci\u00f3n de sentirse seguros de s\u00ed mismo, aprendiendo, compartiendo y divirti\u00e9ndose en un ambiente lleno de <strong>est\u00edmulos positivos para el aprendizaje.<\/strong> &#8220;Los ni\u00f1os son como espojas, aprenden sumamente r\u00e1pido&#8221; comenta la Directora del Taller de Ingl\u00e9s, quien nos dice que el Colegio Piaget ha creado un <strong>programa diferente<\/strong> en el cual se combina la diversi\u00f3n con la ense\u00f1anza oral del ingl\u00e9s. Es un taller lleno de experiencias diferentes, de mucha alegr\u00eda y mucho amor. Los resultados han sido fabulosos. Ni\u00f1os t\u00edmidos<strong> aprenden a vencer el miedo a hablar ingl\u00e9s<\/strong>, los que ya saben lo perfeccionan, todos sienten que de alguna manera est\u00e1n mejorando y perfeccionando sus destrezas orales del idioma. Los ni\u00f1os que participan en el taller de ingl\u00e9s se sienten importantes y felices. Es un mes intenso, <strong>educativo<\/strong> y sumamente <strong>divertido<\/strong>. Los ni\u00f1os podr\u00e1n participar de un <strong>variado programa de actividades<\/strong> como: teatro, computadoras, bailes, m\u00fasica, yoga, juegos de mesa, din\u00e1micas de ingl\u00e9s conversacional, baloncesto, volleyball, arte, manualidades, olimpiadas locas y experimentos de ciencia. Son d\u00edas llenos de <strong>diversi\u00f3n<\/strong> donde no se dan cuenta que en <strong>realidad<\/strong> est\u00e1n practicando el ingl\u00e9s en todo momento. Los ni\u00f1os tienen la oportunidad no s\u00f3lo de compartir y aprender, sino de desarrollar las destrezas del ingl\u00e9s conversacional, <strong>las cuales los ayudar\u00e1n a tener \u00e9xito en el nuevo a\u00f1o escolar.<\/strong> El Taller se divide en grupos peque\u00f1os y por edades para ni\u00f1os y ni\u00f1as de 4-12 a\u00f1os y el &#8220;Baby Workshop&#8221; para peque\u00f1ines de 2 a 3 a\u00f1os. El taller culmina con un tremendo <strong>&#8220;Talent Show&#8221;<\/strong> donde los padres podr\u00e1n comprobar todo lo que han aprendido sus hijos\/as durante este mes tan especial. <strong>Para m\u00e1s informaci\u00f3n llamar a los tel\u00e9fonos: 787-426-1416, 787-664-4325, 787-523-6875 y 787-626-9330.<\/strong> <a href=\"http:\/\/www.colegiopiagetpr.com\/wp-content\/uploads\/2015\/05\/collage-summer-ws3.png\"><img loading=\"lazy\" decoding=\"async\" class=\"alignnone size-full wp-image-444\" src=\"http:\/\/www.colegiopiagetpr.com\/wp-content\/uploads\/2015\/05\/collage-summer-ws3.png\" alt=\"\" width=\"1024\" height=\"397\" srcset=\"https:\/\/www.colegiopiagetpr.com\/wp-content\/uploads\/2015\/05\/collage-summer-ws3.png 1024w, https:\/\/www.colegiopiagetpr.com\/wp-content\/uploads\/2015\/05\/collage-summer-ws3-300x116.png 300w\" sizes=\"auto, (max-width: 1024px) 100vw, 1024px\" \/><\/a><\/p>\n<h2 style=\"text-align: center;\"><strong><em>\u00a1Aprendiendo ingl\u00e9s mientras nos divertimos!<\/em><\/strong><\/h2>\n","protected":false},"excerpt":{"rendered":"<p>\u00a1Qu\u00e9 alegr\u00eda poder decirle a mami y a papi en ingl\u00e9s lo mucho que te est\u00e1s divirtiendo! El Taller de Ingl\u00e9s del Colegio Piaget de Isla Verde es una excelente alternativa en el verano cuando se buscan nuevas formas creativas para mejorar las destrezas de este idioma de una forma entretenida. Br\u00edndeles la oportunidad a sus hijos de experimentar la sensaci\u00f3n de sentirse seguros de s\u00ed mismo, aprendiendo, compartiendo y divirti\u00e9ndose en un ambiente lleno de est\u00edmulos positivos para el aprendizaje. &#8220;Los ni\u00f1os son como espojas, aprenden sumamente r\u00e1pido&#8221; comenta la Directora del Taller de Ingl\u00e9s, quien nos dice que <\/p>\n","protected":false},"author":1,"featured_media":427,"parent":0,"menu_order":0,"comment_status":"closed","ping_status":"closed","template":"page-parallax.php","meta":{"footnotes":""},"class_list":["post-425","page","type-page","status-publish","has-post-thumbnail","hentry","has_thumb"],"yoast_head":"<!-- This site is optimized with the Yoast SEO plugin v14.1 - https:\/\/yoast.com\/wordpress\/plugins\/seo\/ -->\n<meta name=\"robots\" content=\"index, follow\" \/>\n<meta name=\"googlebot\" content=\"index, follow, max-snippet:-1, max-image-preview:large, max-video-preview:-1\" \/>\n<meta name=\"bingbot\" content=\"index, follow, max-snippet:-1, max-image-preview:large, max-video-preview:-1\" \/>\n<link rel=\"canonical\" href=\"https:\/\/www.colegiopiagetpr.com\/?page_id=425\" \/>\n<meta property=\"og:locale\" content=\"es_ES\" \/>\n<meta property=\"og:type\" content=\"article\" \/>\n<meta property=\"og:title\" content=\"English Summer Workshop - Colegio Piaget\" \/>\n<meta property=\"og:description\" content=\"\u00a1Qu\u00e9 alegr\u00eda poder decirle a mami y a papi en ingl\u00e9s lo mucho que te est\u00e1s divirtiendo! El Taller de Ingl\u00e9s del Colegio Piaget de Isla Verde es una excelente alternativa en el verano cuando se buscan nuevas formas creativas para mejorar las destrezas de este idioma de una forma entretenida. Br\u00edndeles la oportunidad a sus hijos de experimentar la sensaci\u00f3n de sentirse seguros de s\u00ed mismo, aprendiendo, compartiendo y divirti\u00e9ndose en un ambiente lleno de est\u00edmulos positivos para el aprendizaje. &#8220;Los ni\u00f1os son como espojas, aprenden sumamente r\u00e1pido&#8221; comenta la Directora del Taller de Ingl\u00e9s, quien nos dice que\" \/>\n<meta property=\"og:url\" content=\"https:\/\/www.colegiopiagetpr.com\/?page_id=425\" \/>\n<meta property=\"og:site_name\" content=\"Colegio Piaget\" \/>\n<meta property=\"article:publisher\" content=\"https:\/\/www.facebook.com\/colegiopiagetpr\" \/>\n<meta property=\"article:modified_time\" content=\"2021-08-08T01:22:47+00:00\" \/>\n<meta property=\"og:image\" content=\"https:\/\/www.colegiopiagetpr.com\/wp-content\/uploads\/2015\/05\/summer-camp-teatro.jpg\" \/>\n\t<meta property=\"og:image:width\" content=\"1920\" \/>\n\t<meta property=\"og:image:height\" content=\"1080\" \/>\n<meta name=\"twitter:card\" content=\"summary_large_image\" \/>\n<script type=\"application\/ld+json\" class=\"yoast-schema-graph\">{\"@context\":\"https:\/\/schema.org\",\"@graph\":[{\"@type\":\"WebSite\",\"@id\":\"https:\/\/www.colegiopiagetpr.com\/#website\",\"url\":\"https:\/\/www.colegiopiagetpr.com\/\",\"name\":\"Colegio Piaget\",\"description\":\"Colegio Piaget\",\"potentialAction\":[{\"@type\":\"SearchAction\",\"target\":\"https:\/\/www.colegiopiagetpr.com\/?s={search_term_string}\",\"query-input\":\"required name=search_term_string\"}],\"inLanguage\":\"es\"},{\"@type\":\"ImageObject\",\"@id\":\"https:\/\/www.colegiopiagetpr.com\/?page_id=425#primaryimage\",\"inLanguage\":\"es\",\"url\":\"https:\/\/www.colegiopiagetpr.com\/wp-content\/uploads\/2015\/05\/summer-camp-teatro.jpg\",\"width\":1920,\"height\":1080},{\"@type\":\"WebPage\",\"@id\":\"https:\/\/www.colegiopiagetpr.com\/?page_id=425#webpage\",\"url\":\"https:\/\/www.colegiopiagetpr.com\/?page_id=425\",\"name\":\"English Summer Workshop - Colegio Piaget\",\"isPartOf\":{\"@id\":\"https:\/\/www.colegiopiagetpr.com\/#website\"},\"primaryImageOfPage\":{\"@id\":\"https:\/\/www.colegiopiagetpr.com\/?page_id=425#primaryimage\"},\"datePublished\":\"2015-05-20T02:39:02+00:00\",\"dateModified\":\"2021-08-08T01:22:47+00:00\",\"inLanguage\":\"es\",\"potentialAction\":[{\"@type\":\"ReadAction\",\"target\":[\"https:\/\/www.colegiopiagetpr.com\/?page_id=425\"]}]}]}<\/script>\n<!-- \/ Yoast SEO plugin. -->","_links":{"self":[{"href":"https:\/\/www.colegiopiagetpr.com\/index.php?rest_route=\/wp\/v2\/pages\/425","targetHints":{"allow":["GET"]}}],"collection":[{"href":"https:\/\/www.colegiopiagetpr.com\/index.php?rest_route=\/wp\/v2\/pages"}],"about":[{"href":"https:\/\/www.colegiopiagetpr.com\/index.php?rest_route=\/wp\/v2\/types\/page"}],"author":[{"embeddable":true,"href":"https:\/\/www.colegiopiagetpr.com\/index.php?rest_route=\/wp\/v2\/users\/1"}],"replies":[{"embeddable":true,"href":"https:\/\/www.colegiopiagetpr.com\/index.php?rest_route=%2Fwp%2Fv2%2Fcomments&post=425"}],"version-history":[{"count":8,"href":"https:\/\/www.colegiopiagetpr.com\/index.php?rest_route=\/wp\/v2\/pages\/425\/revisions"}],"predecessor-version":[{"id":1151,"href":"https:\/\/www.colegiopiagetpr.com\/index.php?rest_route=\/wp\/v2\/pages\/425\/revisions\/1151"}],"wp:featuredmedia":[{"embeddable":true,"href":"https:\/\/www.colegiopiagetpr.com\/index.php?rest_route=\/wp\/v2\/media\/427"}],"wp:attachment":[{"href":"https:\/\/www.colegiopiagetpr.com\/index.php?rest_route=%2Fwp%2Fv2%2Fmedia&parent=425"}],"curies":[{"name":"wp","href":"https:\/\/api.w.org\/{rel}","templated":true}]}}