{"id":376,"date":"2015-05-16T01:21:24","date_gmt":"2015-05-16T01:21:24","guid":{"rendered":"http:\/\/www.colegiopiagetpr.com\/nuevositio\/?page_id=376"},"modified":"2019-09-02T16:23:49","modified_gmt":"2019-09-02T16:23:49","slug":"sobre-jean-piaget","status":"publish","type":"page","link":"https:\/\/www.colegiopiagetpr.com\/?page_id=376","title":{"rendered":"Sobre Jean Piaget"},"content":{"rendered":"<table style=\"height: 389px;\" width=\"100%\">\n<tbody>\n<tr>\n<td style=\"text-align: left; vertical-align: top;\"><span style=\"color: #ea0d60;\"><span style=\"color: #ea0d60;\"><strong>Escritos sobre Jean <span style=\"color: #ea0d60;\">Piag<\/span>et<\/strong><\/span><\/span><\/p>\n<ul>\n<li><span style=\"color: #ea0d60;\"><span style=\"color: #ea0d60;\"><a href=\"http:\/\/www.piaget.org\/aboutPiaget.html\" target=\"_blank\" rel=\"noopener noreferrer\">Jean Piaget Society<\/a><\/span><\/span><\/li>\n<li><span style=\"color: #ea0d60;\"><span style=\"color: #ea0d60;\"><a href=\"http:\/\/www.pbs.org\/wgbh\/aso\/databank\/entries\/dh23pi.html\" target=\"_blank\" rel=\"noopener noreferrer\">Stages of cognitive development<\/a><\/span><\/span><\/li>\n<li><span style=\"color: #ea0d60;\"><span style=\"color: #ea0d60;\"><a href=\"http:\/\/www.brainyquote.com\/quotes\/authors\/j\/jean_piaget.html\" target=\"_blank\" rel=\"noopener noreferrer\">Brainy Quotes<\/a><\/span><\/span><\/li>\n<li><span style=\"color: #ea0d60;\"><span style=\"color: #ea0d60;\"><a href=\"https:\/\/www.verywellmind.com\/piagets-stages-of-cognitive-development-2795457\" target=\"_blank\" rel=\"noopener noreferrer\">Four stages<\/a><br \/>\n<\/span><\/span><\/li>\n<li><span style=\"color: #ea0d60;\"><span style=\"color: #ea0d60;\"><a href=\"http:\/\/piaget.weebly.com\/educational-implications--activities.html\" target=\"_blank\" rel=\"noopener noreferrer\">Educational implications<\/a><\/span><\/span><\/li>\n<li><span style=\"color: #ea0d60;\"><span style=\"color: #ea0d60;\"><a href=\"http:\/\/www.sinewton.org\/numeros\/numeros\/43-44\/Articulo74.pdf\" target=\"_blank\" rel=\"noopener noreferrer\">Su influencia en la Educaci\u00f3n<\/a><br \/>\n<\/span><\/span><\/li>\n<li><span style=\"color: #ea0d60;\"><span style=\"color: #ea0d60;\"><a href=\"http:\/\/www.sk.com.br\/sk-piage.html\" target=\"_blank\" rel=\"noopener noreferrer\">Learning Environment<\/a><br \/>\n<\/span><\/span><\/li>\n<li><span style=\"color: #ea0d60;\"><span style=\"color: #ea0d60;\"><a href=\"http:\/\/www.biografiasyvidas.com\/biografia\/p\/piaget.htm\" target=\"_blank\" rel=\"noopener noreferrer\">Biograf\u00eda<\/a><\/span><\/span><\/li>\n<li><span style=\"color: #ea0d60;\"><span style=\"color: #ea0d60;\"><a href=\"http:\/\/www.ibe.unesco.org\/sites\/default\/files\/piagets.PDF\" target=\"_blank\" rel=\"noopener noreferrer\">Su huella<\/a><br \/>\n<\/span><\/span><\/li>\n<li><span style=\"color: #ea0d60;\"><span style=\"color: #ea0d60;\"><a href=\"http:\/\/biblioteca.ucm.es\/revcul\/e-learning-innova\/6\/art431.php\" target=\"_blank\" rel=\"noopener noreferrer\">El Juego<\/a><\/span><\/span><\/li>\n<\/ul>\n<\/td>\n<\/tr>\n<tr>\n<td style=\"text-align: left; vertical-align: top;\"><a href=\"http:\/\/www.colegiopiagetpr.com\/wp-content\/uploads\/2015\/05\/j-piaget-family-cartoon.jpg\"><img loading=\"lazy\" decoding=\"async\" class=\"alignnone size-full wp-image-682\" src=\"http:\/\/www.colegiopiagetpr.com\/wp-content\/uploads\/2015\/05\/j-piaget-family-cartoon.jpg\" alt=\"\" width=\"572\" height=\"361\" srcset=\"https:\/\/www.colegiopiagetpr.com\/wp-content\/uploads\/2015\/05\/j-piaget-family-cartoon.jpg 572w, https:\/\/www.colegiopiagetpr.com\/wp-content\/uploads\/2015\/05\/j-piaget-family-cartoon-300x189.jpg 300w, https:\/\/www.colegiopiagetpr.com\/wp-content\/uploads\/2015\/05\/j-piaget-family-cartoon-318x200.jpg 318w\" sizes=\"auto, (max-width: 572px) 100vw, 572px\" \/><\/a><\/td>\n<\/tr>\n<\/tbody>\n<\/table>\n<table style=\"height: 523px;\" width=\"100%\">\n<tbody>\n<tr>\n<td style=\"text-align: left; vertical-align: top;\"><span style=\"color: #ea0d60;\"><strong>Escuchemos a <span style=\"color: #ea0d60;\">Piag<\/span>et<\/strong><\/span> <div id=\"video-https%3A%2F%2Fwww.youtube.com%2Fembed%2Fwq6iebKmgnM\" class=\"arve-wrapper alignleft\" data-arve-mode=\"normal\"   style=\"max-width: 300px;\" itemscope itemtype=\"http:\/\/schema.org\/VideoObject\"><div class=\"arve-embed-container\" style=\"padding-bottom: 75%\"><iframe  src=\"https:\/\/www.youtube.com\/embed\/wq6iebKmgnM?ap=0&#038;autoplay=0&#038;autoStart=false&#038;player_autoStart=false\" class=\"arve-inner\" allowfullscreen frameborder=\"0\" scrolling=\"no\"><\/iframe><\/div><button class=\"arve-btn arve-btn-close arve-hidden\">x<\/button><\/div><\/td>\n<td style=\"text-align: left; vertical-align: top;\"><span style=\"color: #ea0d60;\"><strong>Teor\u00eda Gen\u00e9tica<\/strong><\/span><div id=\"video-https%3A%2F%2Fwww.youtube.com%2Fembed%2F3bPZdzLTtIg%3F\" class=\"arve-wrapper alignleft\" data-arve-mode=\"normal\"   style=\"max-width: 300px;\" itemscope itemtype=\"http:\/\/schema.org\/VideoObject\"><div class=\"arve-embed-container\" style=\"padding-bottom: 75%\"><iframe  src=\"https:\/\/www.youtube.com\/embed\/3bPZdzLTtIg?ap=0&#038;autoplay=0&#038;autoStart=false&#038;player_autoStart=false\" class=\"arve-inner\" allowfullscreen frameborder=\"0\" scrolling=\"no\"><\/iframe><\/div><button class=\"arve-btn arve-btn-close arve-hidden\">x<\/button><\/div><\/td>\n<td style=\"text-align: left; vertical-align: top;\"><\/td>\n<\/tr>\n<tr>\n<td style=\"text-align: left; vertical-align: top;\"><span style=\"color: #ea0d60;\"><strong>Teor\u00eda Gen\u00e9tica<\/strong><\/span><div id=\"video-https%3A%2F%2Fwww.youtube.com%2Fembed%2FoQrWjHawEzI%3F\" class=\"arve-wrapper alignleft\" data-arve-mode=\"normal\"   style=\"max-width: 300px;\" itemscope itemtype=\"http:\/\/schema.org\/VideoObject\"><div class=\"arve-embed-container\" style=\"padding-bottom: 75%\"><iframe  src=\"https:\/\/www.youtube.com\/embed\/oQrWjHawEzI?ap=0&#038;autoplay=0&#038;autoStart=false&#038;player_autoStart=false\" class=\"arve-inner\" allowfullscreen frameborder=\"0\" scrolling=\"no\"><\/iframe><\/div><button class=\"arve-btn arve-btn-close arve-hidden\">x<\/button><\/div><\/td>\n<td style=\"text-align: left; vertical-align: top;\"><span style=\"color: #ea0d60;\"><strong>Demostrating Piaget&#8217;s Stages <\/strong><\/span><div id=\"video-https%3A%2F%2Fwww.youtube.com%2Fembed%2FTRF27F2bn-A%3F\" class=\"arve-wrapper alignleft\" data-arve-mode=\"normal\"   style=\"max-width: 300px;\" itemscope itemtype=\"http:\/\/schema.org\/VideoObject\"><div class=\"arve-embed-container\" style=\"padding-bottom: 75%\"><iframe  src=\"https:\/\/www.youtube.com\/embed\/TRF27F2bn-A?ap=0&#038;autoplay=0&#038;autoStart=false&#038;player_autoStart=false\" class=\"arve-inner\" allowfullscreen frameborder=\"0\" scrolling=\"no\"><\/iframe><\/div><button class=\"arve-btn arve-btn-close arve-hidden\">x<\/button><\/div><\/td>\n<td style=\"text-align: left; vertical-align: top;\"><\/td>\n<\/tr>\n<tr>\n<td style=\"text-align: left; vertical-align: top;\"><span style=\"color: #ea0d60;\"><strong>Epistemolog\u00eda<\/strong><\/span> <div id=\"video-https%3A%2F%2Fwww.youtube.com%2Fembed%2FkWaZ20Lh7_s%3F\" class=\"arve-wrapper alignleft\" data-arve-mode=\"normal\"   style=\"max-width: 300px;\" itemscope itemtype=\"http:\/\/schema.org\/VideoObject\"><div class=\"arve-embed-container\" style=\"padding-bottom: 75%\"><iframe  src=\"https:\/\/www.youtube.com\/embed\/kWaZ20Lh7_s?ap=0&#038;autoplay=0&#038;autoStart=false&#038;player_autoStart=false\" class=\"arve-inner\" allowfullscreen frameborder=\"0\" scrolling=\"no\"><\/iframe><\/div><button class=\"arve-btn arve-btn-close arve-hidden\">x<\/button><\/div><\/td>\n<td style=\"text-align: left; vertical-align: top;\"><span style=\"color: #ea0d60;\"><strong>Las etapas<\/strong><\/span> <div id=\"video-https%3A%2F%2Fwww.youtube.com%2Fembed%2Fb6xfLai17Oo%3F\" class=\"arve-wrapper alignleft\" data-arve-mode=\"normal\"   style=\"max-width: 300px;\" itemscope itemtype=\"http:\/\/schema.org\/VideoObject\"><div class=\"arve-embed-container\" style=\"padding-bottom: 75%\"><iframe  src=\"https:\/\/www.youtube.com\/embed\/b6xfLai17Oo?ap=0&#038;autoplay=0&#038;autoStart=false&#038;player_autoStart=false\" class=\"arve-inner\" allowfullscreen frameborder=\"0\" scrolling=\"no\"><\/iframe><\/div><button class=\"arve-btn arve-btn-close arve-hidden\">x<\/button><\/div><\/td>\n<td style=\"text-align: left; vertical-align: top;\"><\/td>\n<\/tr>\n<\/tbody>\n<\/table>\n<p><\/p>\n","protected":false},"excerpt":{"rendered":"<p>Escritos sobre Jean Piaget Jean Piaget Society Stages of cognitive development Brainy Quotes Four stages Educational implications Su influencia en la Educaci\u00f3n Learning Environment Biograf\u00eda Su huella El Juego Escuchemos a Piaget Teor\u00eda Gen\u00e9tica Teor\u00eda Gen\u00e9tica Demostrating Piaget&#8217;s Stages Epistemolog\u00eda Las etapas<\/p>\n","protected":false},"author":1,"featured_media":426,"parent":0,"menu_order":0,"comment_status":"closed","ping_status":"closed","template":"page-parallax.php","meta":{"footnotes":""},"class_list":["post-376","page","type-page","status-publish","has-post-thumbnail","hentry","has_thumb"],"yoast_head":"<!-- This site is optimized with the Yoast SEO plugin v14.1 - https:\/\/yoast.com\/wordpress\/plugins\/seo\/ -->\n<meta name=\"robots\" content=\"index, follow\" \/>\n<meta name=\"googlebot\" content=\"index, follow, max-snippet:-1, max-image-preview:large, max-video-preview:-1\" \/>\n<meta name=\"bingbot\" content=\"index, follow, max-snippet:-1, max-image-preview:large, max-video-preview:-1\" \/>\n<link rel=\"canonical\" href=\"https:\/\/www.colegiopiagetpr.com\/?page_id=376\" \/>\n<meta property=\"og:locale\" content=\"es_ES\" \/>\n<meta property=\"og:type\" content=\"article\" \/>\n<meta property=\"og:title\" content=\"Sobre Jean Piaget - Colegio Piaget\" \/>\n<meta property=\"og:description\" content=\"Escritos sobre Jean Piaget Jean Piaget Society Stages of cognitive development Brainy Quotes Four stages Educational implications Su influencia en la Educaci\u00f3n Learning Environment Biograf\u00eda Su huella El Juego Escuchemos a Piaget Teor\u00eda Gen\u00e9tica Teor\u00eda Gen\u00e9tica Demostrating Piaget&#8217;s Stages Epistemolog\u00eda Las etapas\" \/>\n<meta property=\"og:url\" content=\"https:\/\/www.colegiopiagetpr.com\/?page_id=376\" \/>\n<meta property=\"og:site_name\" content=\"Colegio Piaget\" \/>\n<meta property=\"article:publisher\" content=\"https:\/\/www.facebook.com\/colegiopiagetpr\" \/>\n<meta property=\"article:modified_time\" content=\"2019-09-02T16:23:49+00:00\" \/>\n<meta property=\"og:image\" content=\"https:\/\/www.colegiopiagetpr.com\/wp-content\/uploads\/2015\/05\/j-piaget-2.jpg\" \/>\n\t<meta property=\"og:image:width\" content=\"1920\" \/>\n\t<meta property=\"og:image:height\" content=\"1080\" \/>\n<meta name=\"twitter:card\" content=\"summary_large_image\" \/>\n<script type=\"application\/ld+json\" class=\"yoast-schema-graph\">{\"@context\":\"https:\/\/schema.org\",\"@graph\":[{\"@type\":\"WebSite\",\"@id\":\"https:\/\/www.colegiopiagetpr.com\/#website\",\"url\":\"https:\/\/www.colegiopiagetpr.com\/\",\"name\":\"Colegio Piaget\",\"description\":\"Colegio Piaget\",\"potentialAction\":[{\"@type\":\"SearchAction\",\"target\":\"https:\/\/www.colegiopiagetpr.com\/?s={search_term_string}\",\"query-input\":\"required name=search_term_string\"}],\"inLanguage\":\"es\"},{\"@type\":\"ImageObject\",\"@id\":\"https:\/\/www.colegiopiagetpr.com\/?page_id=376#primaryimage\",\"inLanguage\":\"es\",\"url\":\"https:\/\/www.colegiopiagetpr.com\/wp-content\/uploads\/2015\/05\/j-piaget-2.jpg\",\"width\":1920,\"height\":1080},{\"@type\":\"WebPage\",\"@id\":\"https:\/\/www.colegiopiagetpr.com\/?page_id=376#webpage\",\"url\":\"https:\/\/www.colegiopiagetpr.com\/?page_id=376\",\"name\":\"Sobre Jean Piaget - Colegio Piaget\",\"isPartOf\":{\"@id\":\"https:\/\/www.colegiopiagetpr.com\/#website\"},\"primaryImageOfPage\":{\"@id\":\"https:\/\/www.colegiopiagetpr.com\/?page_id=376#primaryimage\"},\"datePublished\":\"2015-05-16T01:21:24+00:00\",\"dateModified\":\"2019-09-02T16:23:49+00:00\",\"inLanguage\":\"es\",\"potentialAction\":[{\"@type\":\"ReadAction\",\"target\":[\"https:\/\/www.colegiopiagetpr.com\/?page_id=376\"]}]}]}<\/script>\n<!-- \/ Yoast SEO plugin. -->","_links":{"self":[{"href":"https:\/\/www.colegiopiagetpr.com\/index.php?rest_route=\/wp\/v2\/pages\/376","targetHints":{"allow":["GET"]}}],"collection":[{"href":"https:\/\/www.colegiopiagetpr.com\/index.php?rest_route=\/wp\/v2\/pages"}],"about":[{"href":"https:\/\/www.colegiopiagetpr.com\/index.php?rest_route=\/wp\/v2\/types\/page"}],"author":[{"embeddable":true,"href":"https:\/\/www.colegiopiagetpr.com\/index.php?rest_route=\/wp\/v2\/users\/1"}],"replies":[{"embeddable":true,"href":"https:\/\/www.colegiopiagetpr.com\/index.php?rest_route=%2Fwp%2Fv2%2Fcomments&post=376"}],"version-history":[{"count":6,"href":"https:\/\/www.colegiopiagetpr.com\/index.php?rest_route=\/wp\/v2\/pages\/376\/revisions"}],"predecessor-version":[{"id":1136,"href":"https:\/\/www.colegiopiagetpr.com\/index.php?rest_route=\/wp\/v2\/pages\/376\/revisions\/1136"}],"wp:featuredmedia":[{"embeddable":true,"href":"https:\/\/www.colegiopiagetpr.com\/index.php?rest_route=\/wp\/v2\/media\/426"}],"wp:attachment":[{"href":"https:\/\/www.colegiopiagetpr.com\/index.php?rest_route=%2Fwp%2Fv2%2Fmedia&parent=376"}],"curies":[{"name":"wp","href":"https:\/\/api.w.org\/{rel}","templated":true}]}}