{"id":332,"date":"2015-05-09T19:52:58","date_gmt":"2015-05-09T19:52:58","guid":{"rendered":"http:\/\/www.colegiopiagetpr.com\/nuevositio\/?page_id=332"},"modified":"2019-09-02T16:22:14","modified_gmt":"2019-09-02T16:22:14","slug":"lo-que-ofrecemos","status":"publish","type":"page","link":"https:\/\/www.colegiopiagetpr.com\/?page_id=332","title":{"rendered":"Lo que ofrecemos"},"content":{"rendered":"<p>Todo ni\u00f1o desde el Pre-Escolar hasta el Octavo Grado necesita mucha atenci\u00f3n. Hay que ofrecerle oportunidad creativa y sobre todo est\u00edmulo POSITIVO.<\/p>\n<h2>Lo fundamental<\/h2>\n<p>Los ni\u00f1os son nuestras joyas. Les toca a los educadores descubrir la luz que hay en cada uno y hacerlos resplandecer al m\u00e1ximo de sus potencialidades; sin &#8220;stress&#8221;, buscando la excelencia, pero sobre todo AMANDO. Para lograr estos objetivos, en una edad tan tierna, los grupos necesariamente tienen que ser PEQUE\u00d1OS, con ambiente, FAMILIAR.<\/p>\n<h3>Centro Pre-Escolar<\/h3>\n<ul>\n<li>Pre-Pre a Kinder<\/li>\n<\/ul>\n<h3>Escuela Elemental<\/h3>\n<ul>\n<li>Primero a Octavo Grado<\/li>\n<\/ul>\n<h3>Servicios<\/h3>\n<ul>\n<li>Horario Extendido<\/li>\n<li>Tutor\u00edas<\/li>\n<li>Terapia del habla y lenguaje<\/li>\n<li>Terapia ocupacional sensorial<\/li>\n<li>Terapia educativa<\/li>\n<li>Terapia psicol\u00f3gica<\/li>\n<li>Movimiento corporal<\/li>\n<\/ul>\n<ul>\n<li>Ense\u00f1anza individualizada<\/li>\n<li>Grupos peque\u00f1os y ambiente familiar<\/li>\n<li>Colegio Piagetano m\u00e1s antiguo de Puerto Rico<\/li>\n<li>Educaci\u00f3n f\u00edsica, teatro, ballet, m\u00fasica, computadoras, arte&#8230;<\/li>\n<li>Muchos de nuestros graduandos contin\u00faan en colegios de excelencia<\/li>\n<li>En verano nuestro ya famoso Taller de Ingl\u00e9s<\/li>\n<\/ul>\n","protected":false},"excerpt":{"rendered":"<p>Todo ni\u00f1o desde el Pre-Escolar hasta el Octavo Grado necesita mucha atenci\u00f3n. Hay que ofrecerle oportunidad creativa y sobre todo est\u00edmulo POSITIVO. Lo fundamental Los ni\u00f1os son nuestras joyas. Les toca a los educadores descubrir la luz que hay en cada uno y hacerlos resplandecer al m\u00e1ximo de sus potencialidades; sin &#8220;stress&#8221;, buscando la excelencia, pero sobre todo AMANDO. Para lograr estos objetivos, en una edad tan tierna, los grupos necesariamente tienen que ser PEQUE\u00d1OS, con ambiente, FAMILIAR. Centro Pre-Escolar Pre-Pre a Kinder Escuela Elemental Primero a Octavo Grado Servicios Horario Extendido Tutor\u00edas Terapia del habla y lenguaje Terapia ocupacional <\/p>\n","protected":false},"author":1,"featured_media":333,"parent":0,"menu_order":0,"comment_status":"closed","ping_status":"closed","template":"page-parallax.php","meta":{"footnotes":""},"class_list":["post-332","page","type-page","status-publish","has-post-thumbnail","hentry","has_thumb"],"yoast_head":"<!-- This site is optimized with the Yoast SEO plugin v14.1 - https:\/\/yoast.com\/wordpress\/plugins\/seo\/ -->\n<meta name=\"robots\" content=\"index, follow\" \/>\n<meta name=\"googlebot\" content=\"index, follow, max-snippet:-1, max-image-preview:large, max-video-preview:-1\" \/>\n<meta name=\"bingbot\" content=\"index, follow, max-snippet:-1, max-image-preview:large, max-video-preview:-1\" \/>\n<link rel=\"canonical\" href=\"https:\/\/www.colegiopiagetpr.com\/?page_id=332\" \/>\n<meta property=\"og:locale\" content=\"es_ES\" \/>\n<meta property=\"og:type\" content=\"article\" \/>\n<meta property=\"og:title\" content=\"Lo que ofrecemos - Colegio Piaget\" \/>\n<meta property=\"og:description\" content=\"Todo ni\u00f1o desde el Pre-Escolar hasta el Octavo Grado necesita mucha atenci\u00f3n. Hay que ofrecerle oportunidad creativa y sobre todo est\u00edmulo POSITIVO. Lo fundamental Los ni\u00f1os son nuestras joyas. Les toca a los educadores descubrir la luz que hay en cada uno y hacerlos resplandecer al m\u00e1ximo de sus potencialidades; sin &#8220;stress&#8221;, buscando la excelencia, pero sobre todo AMANDO. Para lograr estos objetivos, en una edad tan tierna, los grupos necesariamente tienen que ser PEQUE\u00d1OS, con ambiente, FAMILIAR. Centro Pre-Escolar Pre-Pre a Kinder Escuela Elemental Primero a Octavo Grado Servicios Horario Extendido Tutor\u00edas Terapia del habla y lenguaje Terapia ocupacional\" \/>\n<meta property=\"og:url\" content=\"https:\/\/www.colegiopiagetpr.com\/?page_id=332\" \/>\n<meta property=\"og:site_name\" content=\"Colegio Piaget\" \/>\n<meta property=\"article:publisher\" content=\"https:\/\/www.facebook.com\/colegiopiagetpr\" \/>\n<meta property=\"article:modified_time\" content=\"2019-09-02T16:22:14+00:00\" \/>\n<meta property=\"og:image\" content=\"https:\/\/www.colegiopiagetpr.com\/wp-content\/uploads\/2015\/05\/profesiones.jpg\" \/>\n\t<meta property=\"og:image:width\" content=\"1920\" \/>\n\t<meta property=\"og:image:height\" content=\"1080\" \/>\n<meta name=\"twitter:card\" content=\"summary_large_image\" \/>\n<script type=\"application\/ld+json\" class=\"yoast-schema-graph\">{\"@context\":\"https:\/\/schema.org\",\"@graph\":[{\"@type\":\"WebSite\",\"@id\":\"https:\/\/www.colegiopiagetpr.com\/#website\",\"url\":\"https:\/\/www.colegiopiagetpr.com\/\",\"name\":\"Colegio Piaget\",\"description\":\"Colegio Piaget\",\"potentialAction\":[{\"@type\":\"SearchAction\",\"target\":\"https:\/\/www.colegiopiagetpr.com\/?s={search_term_string}\",\"query-input\":\"required name=search_term_string\"}],\"inLanguage\":\"es\"},{\"@type\":\"ImageObject\",\"@id\":\"https:\/\/www.colegiopiagetpr.com\/?page_id=332#primaryimage\",\"inLanguage\":\"es\",\"url\":\"https:\/\/www.colegiopiagetpr.com\/wp-content\/uploads\/2015\/05\/profesiones.jpg\",\"width\":1920,\"height\":1080},{\"@type\":\"WebPage\",\"@id\":\"https:\/\/www.colegiopiagetpr.com\/?page_id=332#webpage\",\"url\":\"https:\/\/www.colegiopiagetpr.com\/?page_id=332\",\"name\":\"Lo que ofrecemos - Colegio Piaget\",\"isPartOf\":{\"@id\":\"https:\/\/www.colegiopiagetpr.com\/#website\"},\"primaryImageOfPage\":{\"@id\":\"https:\/\/www.colegiopiagetpr.com\/?page_id=332#primaryimage\"},\"datePublished\":\"2015-05-09T19:52:58+00:00\",\"dateModified\":\"2019-09-02T16:22:14+00:00\",\"inLanguage\":\"es\",\"potentialAction\":[{\"@type\":\"ReadAction\",\"target\":[\"https:\/\/www.colegiopiagetpr.com\/?page_id=332\"]}]}]}<\/script>\n<!-- \/ Yoast SEO plugin. -->","_links":{"self":[{"href":"https:\/\/www.colegiopiagetpr.com\/index.php?rest_route=\/wp\/v2\/pages\/332","targetHints":{"allow":["GET"]}}],"collection":[{"href":"https:\/\/www.colegiopiagetpr.com\/index.php?rest_route=\/wp\/v2\/pages"}],"about":[{"href":"https:\/\/www.colegiopiagetpr.com\/index.php?rest_route=\/wp\/v2\/types\/page"}],"author":[{"embeddable":true,"href":"https:\/\/www.colegiopiagetpr.com\/index.php?rest_route=\/wp\/v2\/users\/1"}],"replies":[{"embeddable":true,"href":"https:\/\/www.colegiopiagetpr.com\/index.php?rest_route=%2Fwp%2Fv2%2Fcomments&post=332"}],"version-history":[{"count":15,"href":"https:\/\/www.colegiopiagetpr.com\/index.php?rest_route=\/wp\/v2\/pages\/332\/revisions"}],"predecessor-version":[{"id":930,"href":"https:\/\/www.colegiopiagetpr.com\/index.php?rest_route=\/wp\/v2\/pages\/332\/revisions\/930"}],"wp:featuredmedia":[{"embeddable":true,"href":"https:\/\/www.colegiopiagetpr.com\/index.php?rest_route=\/wp\/v2\/media\/333"}],"wp:attachment":[{"href":"https:\/\/www.colegiopiagetpr.com\/index.php?rest_route=%2Fwp%2Fv2%2Fmedia&parent=332"}],"curies":[{"name":"wp","href":"https:\/\/api.w.org\/{rel}","templated":true}]}}