{"id":128,"date":"2014-10-13T19:31:39","date_gmt":"2014-10-13T19:31:39","guid":{"rendered":"http:\/\/demo.mythemeshop.com\/sociallyviral\/?page_id=128"},"modified":"2021-08-08T00:36:07","modified_gmt":"2021-08-08T00:36:07","slug":"contacto","status":"publish","type":"page","link":"https:\/\/www.colegiopiagetpr.com\/?page_id=128","title":{"rendered":"Contacto"},"content":{"rendered":"<h3>\u00bfD\u00f3nde estamos?<\/h3>\n<p><iframe loading=\"lazy\" src=\"https:\/\/www.google.com\/maps\/d\/u\/4\/embed?mid=1yS2y2sr8yLbf8dQ6-6Fp7oZObPE\" width=\"100%\" height=\"480\"><\/iframe><\/p>\n<table style=\"height: 180px; border-color: #ffffff;\" width=\"100%\">\n<tbody>\n<tr>\n<td style=\"text-align: left; vertical-align: top;\">\n<p>El <strong>Colegio Piaget<\/strong> est\u00e1 ubicado en un oasis de palmas reales, laureles y flamboyanes en el mismo coraz\u00f3n de de Isla Verde:<\/p>\n<p>Calle Venus No. 80<br \/>\nUrb. Atlantic View<br \/>\nIsla Verde, PR 00979<br \/>\n<strong>Tel\u00e9fonos:<br \/>\n787-426-1416<br \/>\n787-664-4325<br \/>\n787-523-6875<br \/>\n787-626-9330<br \/>\n787-727-3639<br \/>\n787-426-1416<\/strong><\/p>\n<p>Si le interesa contactarnos complete el siguiente formulario, o si lo prefiere escriba a: <a href=\"mailto:colegiopiagetislaverdepr@gmail.com\">colegiopiagetislaverdepr@gmail.com<\/a><\/td>\n<\/tr>\n<\/tbody>\n<\/table>\n<p>&nbsp;<\/p>\n","protected":false},"excerpt":{"rendered":"<p>\u00bfD\u00f3nde estamos? El Colegio Piaget est\u00e1 ubicado en un oasis de palmas reales, laureles y flamboyanes en el mismo coraz\u00f3n de de Isla Verde: Calle Venus No. 80 Urb. Atlantic View Isla Verde, PR 00979 Tel\u00e9fonos: 787-426-1416 787-664-4325 787-523-6875 787-626-9330 787-727-3639 787-426-1416 Si le interesa contactarnos complete el siguiente formulario, o si lo prefiere escriba a: colegiopiagetislaverdepr@gmail.com &nbsp;<\/p>\n","protected":false},"author":1,"featured_media":0,"parent":0,"menu_order":0,"comment_status":"closed","ping_status":"closed","template":"page-contact.php","meta":{"footnotes":""},"class_list":["post-128","page","type-page","status-publish","hentry"],"yoast_head":"<!-- This site is optimized with the Yoast SEO plugin v14.1 - https:\/\/yoast.com\/wordpress\/plugins\/seo\/ -->\n<meta name=\"robots\" content=\"index, follow\" \/>\n<meta name=\"googlebot\" content=\"index, follow, max-snippet:-1, max-image-preview:large, max-video-preview:-1\" \/>\n<meta name=\"bingbot\" content=\"index, follow, max-snippet:-1, max-image-preview:large, max-video-preview:-1\" \/>\n<link rel=\"canonical\" href=\"https:\/\/www.colegiopiagetpr.com\/?page_id=128\" \/>\n<meta property=\"og:locale\" content=\"es_ES\" \/>\n<meta property=\"og:type\" content=\"article\" \/>\n<meta property=\"og:title\" content=\"Contacto - Colegio Piaget\" \/>\n<meta property=\"og:description\" content=\"\u00bfD\u00f3nde estamos? El Colegio Piaget est\u00e1 ubicado en un oasis de palmas reales, laureles y flamboyanes en el mismo coraz\u00f3n de de Isla Verde: Calle Venus No. 80 Urb. Atlantic View Isla Verde, PR 00979 Tel\u00e9fonos: 787-426-1416 787-664-4325 787-523-6875 787-626-9330 787-727-3639 787-426-1416 Si le interesa contactarnos complete el siguiente formulario, o si lo prefiere escriba a: colegiopiagetislaverdepr@gmail.com &nbsp;\" \/>\n<meta property=\"og:url\" content=\"https:\/\/www.colegiopiagetpr.com\/?page_id=128\" \/>\n<meta property=\"og:site_name\" content=\"Colegio Piaget\" \/>\n<meta property=\"article:publisher\" content=\"https:\/\/www.facebook.com\/colegiopiagetpr\" \/>\n<meta property=\"article:modified_time\" content=\"2021-08-08T00:36:07+00:00\" \/>\n<meta name=\"twitter:card\" content=\"summary_large_image\" \/>\n<script type=\"application\/ld+json\" class=\"yoast-schema-graph\">{\"@context\":\"https:\/\/schema.org\",\"@graph\":[{\"@type\":\"WebSite\",\"@id\":\"https:\/\/www.colegiopiagetpr.com\/#website\",\"url\":\"https:\/\/www.colegiopiagetpr.com\/\",\"name\":\"Colegio Piaget\",\"description\":\"Colegio Piaget\",\"potentialAction\":[{\"@type\":\"SearchAction\",\"target\":\"https:\/\/www.colegiopiagetpr.com\/?s={search_term_string}\",\"query-input\":\"required name=search_term_string\"}],\"inLanguage\":\"es\"},{\"@type\":\"WebPage\",\"@id\":\"https:\/\/www.colegiopiagetpr.com\/?page_id=128#webpage\",\"url\":\"https:\/\/www.colegiopiagetpr.com\/?page_id=128\",\"name\":\"Contacto - Colegio Piaget\",\"isPartOf\":{\"@id\":\"https:\/\/www.colegiopiagetpr.com\/#website\"},\"datePublished\":\"2014-10-13T19:31:39+00:00\",\"dateModified\":\"2021-08-08T00:36:07+00:00\",\"inLanguage\":\"es\",\"potentialAction\":[{\"@type\":\"ReadAction\",\"target\":[\"https:\/\/www.colegiopiagetpr.com\/?page_id=128\"]}]}]}<\/script>\n<!-- \/ Yoast SEO plugin. -->","_links":{"self":[{"href":"https:\/\/www.colegiopiagetpr.com\/index.php?rest_route=\/wp\/v2\/pages\/128","targetHints":{"allow":["GET"]}}],"collection":[{"href":"https:\/\/www.colegiopiagetpr.com\/index.php?rest_route=\/wp\/v2\/pages"}],"about":[{"href":"https:\/\/www.colegiopiagetpr.com\/index.php?rest_route=\/wp\/v2\/types\/page"}],"author":[{"embeddable":true,"href":"https:\/\/www.colegiopiagetpr.com\/index.php?rest_route=\/wp\/v2\/users\/1"}],"replies":[{"embeddable":true,"href":"https:\/\/www.colegiopiagetpr.com\/index.php?rest_route=%2Fwp%2Fv2%2Fcomments&post=128"}],"version-history":[{"count":15,"href":"https:\/\/www.colegiopiagetpr.com\/index.php?rest_route=\/wp\/v2\/pages\/128\/revisions"}],"predecessor-version":[{"id":1146,"href":"https:\/\/www.colegiopiagetpr.com\/index.php?rest_route=\/wp\/v2\/pages\/128\/revisions\/1146"}],"wp:attachment":[{"href":"https:\/\/www.colegiopiagetpr.com\/index.php?rest_route=%2Fwp%2Fv2%2Fmedia&parent=128"}],"curies":[{"name":"wp","href":"https:\/\/api.w.org\/{rel}","templated":true}]}}